{"id":197,"date":"2014-12-10T14:27:51","date_gmt":"2014-12-10T14:27:51","guid":{"rendered":"http:\/\/www.brasoesdefamilia.pt\/wordpress\/?page_id=197"},"modified":"2014-12-10T14:27:51","modified_gmt":"2014-12-10T14:27:51","slug":"instrucoes-para-aplicacao-termocolante","status":"publish","type":"page","link":"https:\/\/www.brasoesdefamilia.pt\/wordpress\/?page_id=197","title":{"rendered":"Instru\u00e7\u00f5es para aplica\u00e7\u00e3o termocolante"},"content":{"rendered":"<p>Instru\u00e7\u00f5es para aplica\u00e7\u00e3o termocolante:<\/p>\n<p>Pode ser aplicado com ferro de engomar ou prensa t\u00e9rmica.<\/p>\n<p>1 \u2013 Regular a prensa t\u00e9rmica em 170\u00ba ou o ferro de engomar na posi\u00e7\u00e3o \u201calgod\u00e3o\u201d.<\/p>\n<p>2 \u2013 Posicionar o bordado na pe\u00e7a a utilizar.<\/p>\n<p>3 \u2013 Proteger o bordado e a pe\u00e7a com um tecido em algod\u00e3o.<\/p>\n<p>4 \u2013 Quando aplicado com prensa t\u00e9rmica, fazer press\u00e3o\u00a0 sobre o bordado durante aproximadamente 15 segundos, considerando a espessura do bordado e da pe\u00e7a. No caso da aplica\u00e7\u00e3o ser feita com ferro de engomar, pressionar sobre o bordado durante aproximadamente 40 a 60 segundos, tamb\u00e9m considerando a espessura do bordado e da pe\u00e7a.<\/p>\n<p>5 \u2013 Repetir o passo 3 e 4, mas no avesso da pe\u00e7a em que \u00e9 aplicado o bordado.<\/p>\n<p>6 \u2013 Deixar arrefecer a pe\u00e7a onde foi aplicado o bordado.<\/p>\n<p>7 \u2013 Retirar o tecido de algod\u00e3o que serviu para proteger o bordado e a pe\u00e7a onde o mesmo foi aplicado.<\/p>\n<p>Caso verifique que o bordado n\u00e3o aderiu devidamente \u00e0 pe\u00e7a, repita novamente o processo.<\/p>\n","protected":false},"excerpt":{"rendered":"<p>Instru\u00e7\u00f5es para aplica\u00e7\u00e3o termocolante: Pode ser aplicado com ferro de engomar ou prensa t\u00e9rmica. 1 \u2013 Regular a prensa t\u00e9rmica em 170\u00ba ou o ferro de engomar na posi\u00e7\u00e3o \u201calgod\u00e3o\u201d. 2 \u2013 Posicionar o bordado na pe\u00e7a a utilizar. 3 \u2013 Proteger o bordado e a pe\u00e7a com um tecido em algod\u00e3o. 4 \u2013 Quando [&hellip;]<\/p>\n","protected":false},"author":3,"featured_media":0,"parent":0,"menu_order":0,"comment_status":"closed","ping_status":"closed","template":"","meta":{"footnotes":""},"class_list":["post-197","page","type-page","status-publish","hentry"],"_links":{"self":[{"href":"https:\/\/www.brasoesdefamilia.pt\/wordpress\/index.php?rest_route=\/wp\/v2\/pages\/197","targetHints":{"allow":["GET"]}}],"collection":[{"href":"https:\/\/www.brasoesdefamilia.pt\/wordpress\/index.php?rest_route=\/wp\/v2\/pages"}],"about":[{"href":"https:\/\/www.brasoesdefamilia.pt\/wordpress\/index.php?rest_route=\/wp\/v2\/types\/page"}],"author":[{"embeddable":true,"href":"https:\/\/www.brasoesdefamilia.pt\/wordpress\/index.php?rest_route=\/wp\/v2\/users\/3"}],"replies":[{"embeddable":true,"href":"https:\/\/www.brasoesdefamilia.pt\/wordpress\/index.php?rest_route=%2Fwp%2Fv2%2Fcomments&post=197"}],"version-history":[{"count":1,"href":"https:\/\/www.brasoesdefamilia.pt\/wordpress\/index.php?rest_route=\/wp\/v2\/pages\/197\/revisions"}],"predecessor-version":[{"id":198,"href":"https:\/\/www.brasoesdefamilia.pt\/wordpress\/index.php?rest_route=\/wp\/v2\/pages\/197\/revisions\/198"}],"wp:attachment":[{"href":"https:\/\/www.brasoesdefamilia.pt\/wordpress\/index.php?rest_route=%2Fwp%2Fv2%2Fmedia&parent=197"}],"curies":[{"name":"wp","href":"https:\/\/api.w.org\/{rel}","templated":true}]}}