{"id":62,"date":"2014-11-05T10:13:30","date_gmt":"2014-11-05T10:13:30","guid":{"rendered":"http:\/\/www.brasoesdefamilia.pt\/wordpress\/?page_id=62"},"modified":"2020-04-18T16:02:11","modified_gmt":"2020-04-18T16:02:11","slug":"inicio","status":"publish","type":"page","link":"https:\/\/www.brasoesdefamilia.pt\/wordpress\/","title":{"rendered":""},"content":{"rendered":"<h1 style=\"text-align: center;\"><span style=\"font-family: UnifrakturMaguntia, display; color: #000000; font-size: 12pt;\"><em><strong>Bem vindo \u00e0 p\u00e1gina dos&nbsp;<\/strong><\/em><\/span><\/h1>\n<h1 style=\"text-align: center;\"><span style=\"font-size: 24pt; font-family: UnifrakturMaguntia, display;\"><span style=\"color: #333399;\"><em>Bras\u00f5es de fam\u00edlia<\/em><\/span><\/span><\/h1>\n<p><img loading=\"lazy\" decoding=\"async\" class=\" wp-image-600 aligncenter\" src=\"https:\/\/www.brasoesdefamilia.pt\/wordpress\/wp-content\/uploads\/2016\/01\/LOGO-ENTRELINHAS-327x300.jpg\" alt=\"LOGO ENTRELINHAS\" width=\"250\" height=\"229\" srcset=\"https:\/\/www.brasoesdefamilia.pt\/wordpress\/wp-content\/uploads\/2016\/01\/LOGO-ENTRELINHAS-327x300.jpg 327w, https:\/\/www.brasoesdefamilia.pt\/wordpress\/wp-content\/uploads\/2016\/01\/LOGO-ENTRELINHAS-768x705.jpg 768w, https:\/\/www.brasoesdefamilia.pt\/wordpress\/wp-content\/uploads\/2016\/01\/LOGO-ENTRELINHAS-1024x939.jpg 1024w, https:\/\/www.brasoesdefamilia.pt\/wordpress\/wp-content\/uploads\/2016\/01\/LOGO-ENTRELINHAS.jpg 1695w\" sizes=\"auto, (max-width: 250px) 100vw, 250px\" \/><\/p>\n<p><img loading=\"lazy\" decoding=\"async\" class=\"alignnone wp-image-591\" src=\"https:\/\/www.brasoesdefamilia.pt\/wordpress\/wp-content\/uploads\/2016\/01\/EST16-212x300.jpg\" alt=\"EST16\" width=\"129\" height=\"182\" srcset=\"https:\/\/www.brasoesdefamilia.pt\/wordpress\/wp-content\/uploads\/2016\/01\/EST16-212x300.jpg 212w, https:\/\/www.brasoesdefamilia.pt\/wordpress\/wp-content\/uploads\/2016\/01\/EST16-768x1088.jpg 768w, https:\/\/www.brasoesdefamilia.pt\/wordpress\/wp-content\/uploads\/2016\/01\/EST16-723x1024.jpg 723w, https:\/\/www.brasoesdefamilia.pt\/wordpress\/wp-content\/uploads\/2016\/01\/EST16.jpg 998w\" sizes=\"auto, (max-width: 129px) 100vw, 129px\" \/>&nbsp;&nbsp;<img loading=\"lazy\" decoding=\"async\" class=\"alignright wp-image-590\" src=\"https:\/\/www.brasoesdefamilia.pt\/wordpress\/wp-content\/uploads\/2016\/01\/EST15-236x300.jpg\" alt=\"EST15\" width=\"139\" height=\"176\"><\/p>\n<p><img loading=\"lazy\" decoding=\"async\" class=\"wp-image-439 alignnone\" src=\"https:\/\/www.brasoesdefamilia.pt\/wordpress\/wp-content\/uploads\/2016\/01\/HISTORICO1-213x300.jpg\" alt=\"HISTORICO1\" width=\"135\" height=\"191\" srcset=\"https:\/\/www.brasoesdefamilia.pt\/wordpress\/wp-content\/uploads\/2016\/01\/HISTORICO1-213x300.jpg 213w, https:\/\/www.brasoesdefamilia.pt\/wordpress\/wp-content\/uploads\/2016\/01\/HISTORICO1-768x1082.jpg 768w, https:\/\/www.brasoesdefamilia.pt\/wordpress\/wp-content\/uploads\/2016\/01\/HISTORICO1-727x1024.jpg 727w, https:\/\/www.brasoesdefamilia.pt\/wordpress\/wp-content\/uploads\/2016\/01\/HISTORICO1.jpg 1513w\" sizes=\"auto, (max-width: 135px) 100vw, 135px\" \/>&nbsp; &nbsp; &nbsp;<img loading=\"lazy\" decoding=\"async\" class=\"alignright wp-image-442\" src=\"https:\/\/www.brasoesdefamilia.pt\/wordpress\/wp-content\/uploads\/2016\/01\/HISTORICO4-213x300.jpg\" alt=\"HISTORICO4\" width=\"135\" height=\"190\" srcset=\"https:\/\/www.brasoesdefamilia.pt\/wordpress\/wp-content\/uploads\/2016\/01\/HISTORICO4-213x300.jpg 213w, https:\/\/www.brasoesdefamilia.pt\/wordpress\/wp-content\/uploads\/2016\/01\/HISTORICO4-768x1082.jpg 768w, https:\/\/www.brasoesdefamilia.pt\/wordpress\/wp-content\/uploads\/2016\/01\/HISTORICO4-727x1024.jpg 727w, https:\/\/www.brasoesdefamilia.pt\/wordpress\/wp-content\/uploads\/2016\/01\/HISTORICO4.jpg 1513w\" sizes=\"auto, (max-width: 135px) 100vw, 135px\" \/><\/p>\n<p style=\"text-align: center;\"><span style=\"font-size: 12pt; font-family: 'Eagle Lake', handwriting;\"><span style=\"color: #800080;\">Bras\u00f5es de Fam\u00edlia&nbsp;ir\u00e1 estar presente novamente este ano, nas v\u00e1rias feiras&nbsp;<\/span><span style=\"color: #800080; line-height: 1.5;\">e mercados medievais<\/span><\/span><\/p>\n","protected":false},"excerpt":{"rendered":"<p>Bem vindo \u00e0 p\u00e1gina dos&nbsp; Bras\u00f5es de fam\u00edlia &nbsp;&nbsp; &nbsp; &nbsp; &nbsp; Bras\u00f5es de Fam\u00edlia&nbsp;ir\u00e1 estar presente novamente este ano, nas v\u00e1rias feiras&nbsp;e mercados medievais<\/p>\n","protected":false},"author":3,"featured_media":0,"parent":0,"menu_order":0,"comment_status":"closed","ping_status":"closed","template":"","meta":{"footnotes":""},"class_list":["post-62","page","type-page","status-publish","hentry"],"_links":{"self":[{"href":"https:\/\/www.brasoesdefamilia.pt\/wordpress\/index.php?rest_route=\/wp\/v2\/pages\/62","targetHints":{"allow":["GET"]}}],"collection":[{"href":"https:\/\/www.brasoesdefamilia.pt\/wordpress\/index.php?rest_route=\/wp\/v2\/pages"}],"about":[{"href":"https:\/\/www.brasoesdefamilia.pt\/wordpress\/index.php?rest_route=\/wp\/v2\/types\/page"}],"author":[{"embeddable":true,"href":"https:\/\/www.brasoesdefamilia.pt\/wordpress\/index.php?rest_route=\/wp\/v2\/users\/3"}],"replies":[{"embeddable":true,"href":"https:\/\/www.brasoesdefamilia.pt\/wordpress\/index.php?rest_route=%2Fwp%2Fv2%2Fcomments&post=62"}],"version-history":[{"count":48,"href":"https:\/\/www.brasoesdefamilia.pt\/wordpress\/index.php?rest_route=\/wp\/v2\/pages\/62\/revisions"}],"predecessor-version":[{"id":725,"href":"https:\/\/www.brasoesdefamilia.pt\/wordpress\/index.php?rest_route=\/wp\/v2\/pages\/62\/revisions\/725"}],"wp:attachment":[{"href":"https:\/\/www.brasoesdefamilia.pt\/wordpress\/index.php?rest_route=%2Fwp%2Fv2%2Fmedia&parent=62"}],"curies":[{"name":"wp","href":"https:\/\/api.w.org\/{rel}","templated":true}]}}